{"id":18745,"date":"2023-09-19T19:31:25","date_gmt":"2023-09-19T19:31:25","guid":{"rendered":"https:\/\/designanything.ca\/politique-de-confidentialite\/"},"modified":"2023-11-20T02:37:47","modified_gmt":"2023-11-20T02:37:47","slug":"politique-de-confidentialite","status":"publish","type":"page","link":"https:\/\/designanything.ca\/fr\/politique-de-confidentialite\/","title":{"rendered":"Politique de confidentialit\u00e9"},"content":{"rendered":"\t\t<div data-elementor-type=\"wp-page\" data-elementor-id=\"18745\" class=\"elementor elementor-18745 elementor-3\">\n\t\t\t\t\t\t\t<div class=\"wd-negative-gap elementor-element elementor-element-b72099d e-flex e-con-boxed wd-section-disabled e-con e-parent\" data-id=\"b72099d\" data-element_type=\"container\" data-settings=\"{&quot;content_width&quot;:&quot;boxed&quot;}\" data-core-v316-plus=\"true\">\n\t\t\t\t\t<div class=\"e-con-inner\">\n\t\t\t\t<div class=\"elementor-element elementor-element-49c5d3d5 color-scheme-inherit text-left elementor-widget elementor-widget-text-editor\" data-id=\"49c5d3d5\" data-element_type=\"widget\" data-widget_type=\"text-editor.default\">\n\t\t\t\t<div class=\"elementor-widget-container\">\n\t\t\t<style>\/*! elementor - v3.18.0 - 08-12-2023 *\/\n.elementor-widget-text-editor.elementor-drop-cap-view-stacked .elementor-drop-cap{background-color:#69727d;color:#fff}.elementor-widget-text-editor.elementor-drop-cap-view-framed .elementor-drop-cap{color:#69727d;border:3px solid;background-color:transparent}.elementor-widget-text-editor:not(.elementor-drop-cap-view-default) .elementor-drop-cap{margin-top:8px}.elementor-widget-text-editor:not(.elementor-drop-cap-view-default) .elementor-drop-cap-letter{width:1em;height:1em}.elementor-widget-text-editor .elementor-drop-cap{float:left;text-align:center;line-height:1;font-size:50px}.elementor-widget-text-editor .elementor-drop-cap-letter{display:inline-block}<\/style>\t\t\t\t<p><\/p>\n<p>Derni\u00e8re mise \u00e0 jour : 10\/5\/2023<\/p>\n<p><\/p>\n<p><\/p>\n<p>DesignAnything.ca (\u00ab\u00a0nous\u00a0\u00bb, \u00ab\u00a0notre\u00a0\u00bb ou \u00ab\u00a0nos\u00a0\u00bb) s&rsquo;engage \u00e0 prot\u00e9ger votre vie priv\u00e9e. La pr\u00e9sente politique de confidentialit\u00e9 explique comment nous recueillons, utilisons, divulguons et prot\u00e9geons vos informations personnelles lorsque vous visitez notre site web&nbsp;<a href=\"http:\/\/DesignAnything.ca\">DesignAnything.ca<\/a>&nbsp;(le \u00ab\u00a0Site\u00a0\u00bb) et utiliser nos services.<\/p>\n<p><\/p>\n<p><\/p>\n<h2><strong>Informations collect\u00e9es<\/strong><\/h2>\n<p><\/p>\n<p><\/p>\n<ol>\n<li style=\"list-style-type: none;\">\n<ol><\/ol>\n<\/li>\n<\/ol>\n<ol>\n<li style=\"list-style-type: none;\">\n<ol>\n<li><strong>Informations personnelles :<\/strong> Nous pouvons recueillir des informations personnelles identifiables, telles que votre nom, votre adresse \u00e9lectronique, votre adresse postale, votre num\u00e9ro de t\u00e9l\u00e9phone et d&rsquo;autres informations similaires lorsque vous les fournissez volontairement. Vous pouvez choisir de ne pas fournir certaines informations, mais cela peut vous emp\u00eacher d&rsquo;acc\u00e9der \u00e0 certaines fonctions du site ou d&rsquo;utiliser nos services.<\/li>\n<\/ol>\n<\/li>\n<\/ol>\n<p><\/p>\n<p><\/p>\n<ol>\n<li style=\"list-style-type: none;\">\n<ol>\n<li><strong>Informations relatives \u00e0 l&rsquo;utilisation :<\/strong> Nous pouvons recueillir des informations non personnelles sur votre utilisation du site, y compris, mais sans s&rsquo;y limiter, votre adresse IP, votre type de navigateur, votre syst\u00e8me d&rsquo;exploitation, les URL de r\u00e9f\u00e9rence, les pages visit\u00e9es, ainsi que les dates et heures de vos visites.<\/li>\n<\/ol>\n<\/li>\n<\/ol>\n<p><\/p>\n<p><\/p>\n<p><\/p>\n<h2><strong>Comment nous utilisons vos informations<\/strong><\/h2>\n<p><\/p>\n<p><\/p>\n<p>Nous pouvons utiliser les informations que nous recueillons \u00e0 diverses fins, y compris mais sans s&rsquo;y limiter :<\/p>\n<p><\/p>\n<p><\/p>\n<ul>\n<li style=\"list-style-type: none;\">\n<ul><\/ul>\n<\/li>\n<\/ul>\n<ul>\n<li style=\"list-style-type: none;\">\n<ul>\n<li>Fournir, maintenir et am\u00e9liorer nos services.<\/li>\n<\/ul>\n<\/li>\n<\/ul>\n<p><\/p>\n<p><\/p>\n<ul>\n<li style=\"list-style-type: none;\">\n<ul>\n<li>R\u00e9pondre \u00e0 vos demandes et requ\u00eates.<\/li>\n<\/ul>\n<\/li>\n<\/ul>\n<p><\/p>\n<p><\/p>\n<ul>\n<li style=\"list-style-type: none;\">\n<ul>\n<li>vous envoyer des communications administratives et promotionnelles.<\/li>\n<\/ul>\n<\/li>\n<\/ul>\n<p><\/p>\n<p><\/p>\n<ul>\n<li style=\"list-style-type: none;\">\n<ul>\n<li>Personnaliser votre exp\u00e9rience sur le site.<\/li>\n<\/ul>\n<\/li>\n<\/ul>\n<p><\/p>\n<p><\/p>\n<ul>\n<li style=\"list-style-type: none;\">\n<ul>\n<li>Suivre et analyser les mod\u00e8les et les tendances d&rsquo;utilisation.<\/li>\n<\/ul>\n<\/li>\n<\/ul>\n<p><\/p>\n<p><\/p>\n<ul>\n<li style=\"list-style-type: none;\">\n<ul>\n<li>Prot\u00e9ger nos droits, nos biens et notre s\u00e9curit\u00e9, ainsi que ceux de nos utilisateurs et d&rsquo;autres personnes.<\/li>\n<\/ul>\n<\/li>\n<\/ul>\n<p><\/p>\n<p><\/p>\n<p><\/p>\n<h2><strong>Partage d&rsquo;informations<\/strong><\/h2>\n<p><\/p>\n<p><\/p>\n<p>Nous pouvons partager vos informations personnelles avec des tiers dans les circonstances suivantes :<\/p>\n<p><\/p>\n<p><\/p>\n<ul>\n<li style=\"list-style-type: none;\">\n<ul><\/ul>\n<\/li>\n<\/ul>\n<ul>\n<li style=\"list-style-type: none;\">\n<ul>\n<li>Avec votre consentement.<\/li>\n<\/ul>\n<\/li>\n<\/ul>\n<p><\/p>\n<p><\/p>\n<ul>\n<li style=\"list-style-type: none;\">\n<ul>\n<li>Respecter les obligations l\u00e9gales.<\/li>\n<\/ul>\n<\/li>\n<\/ul>\n<p><\/p>\n<p><\/p>\n<ul>\n<li style=\"list-style-type: none;\">\n<ul>\n<li>Prot\u00e9ger nos droits, notre vie priv\u00e9e, notre s\u00e9curit\u00e9 ou nos biens.<\/li>\n<\/ul>\n<\/li>\n<\/ul>\n<p><\/p>\n<p><\/p>\n<ul>\n<li style=\"list-style-type: none;\">\n<ul>\n<li>dans le cadre d&rsquo;une fusion, d&rsquo;une acquisition ou d&rsquo;une vente de tout ou partie de nos actifs.<\/li>\n<\/ul>\n<\/li>\n<\/ul>\n<p><\/p>\n<p><\/p>\n<p><\/p>\n<h2><strong>Cookies et technologies similaires<\/strong><\/h2>\n<p><\/p>\n<p><\/p>\n<p>Notre site peut utiliser des cookies et des technologies similaires pour collecter et stocker automatiquement certaines informations lors de votre visite. Vous pouvez g\u00e9rer vos pr\u00e9f\u00e9rences en mati\u00e8re de cookies par le biais des param\u00e8tres de votre navigateur.<\/p>\n<p><\/p>\n<p><\/p>\n<h2><strong>S\u00e9curit\u00e9<\/strong><\/h2>\n<p><\/p>\n<p><\/p>\n<p>Nous prenons des mesures raisonnables pour prot\u00e9ger la confidentialit\u00e9 et la s\u00e9curit\u00e9 de vos informations personnelles. Toutefois, aucune transmission de donn\u00e9es sur l&rsquo;internet ou m\u00e9thode de stockage n&rsquo;est s\u00fbre \u00e0 100 %, et nous ne pouvons donc pas garantir une s\u00e9curit\u00e9 absolue.<\/p>\n<p><\/p>\n<p><\/p>\n<h2><strong>Liens vers des sites web de tiers<\/strong><\/h2>\n<p><\/p>\n<p><\/p>\n<p>Notre site peut contenir des liens vers des sites web ou des services de tiers. Nous ne sommes pas responsables du contenu ou des pratiques de confidentialit\u00e9 de ces sites web. Nous vous encourageons \u00e0 consulter les politiques de confidentialit\u00e9 de ces sites tiers.<\/p>\n<p><\/p>\n<p><\/p>\n<h2><strong>Vos choix<\/strong><\/h2>\n<p><\/p>\n<p><\/p>\n<p>Vous avez le droit d&rsquo;acc\u00e9der \u00e0 vos donn\u00e9es personnelles, de les corriger ou de les supprimer. Vous pouvez exercer ces droits en nous contactant \u00e0 l&rsquo;adresse suivante&nbsp;<a href=\"mailto:info@designanything.ca\">info@designanything.ca.<\/a><\/p>\n<p><\/p>\n<p><\/p>\n<h2><strong>Modifications de la pr\u00e9sente politique de protection de la vie priv\u00e9e<\/strong><\/h2>\n<p><\/p>\n<p><\/p>\n<p>Nous pouvons mettre \u00e0 jour la pr\u00e9sente politique de confidentialit\u00e9 de temps \u00e0 autre. La version la plus r\u00e9cente sera publi\u00e9e sur le site et la date d&rsquo;entr\u00e9e en vigueur sera indiqu\u00e9e en haut de la page.<\/p>\n<p><\/p>\n<p><\/p>\n<h2><strong>Nous contacter<\/strong><\/h2>\n<p><\/p>\n<p><\/p>\n<p>Si vous avez des questions, des pr\u00e9occupations ou des demandes concernant la pr\u00e9sente politique ou nos pratiques en mati\u00e8re de protection de la vie priv\u00e9e, veuillez nous contacter \u00e0 l&rsquo;adresse suivante<\/p>\n<p><\/p>\n<p><\/p>\n<p><a href=\"mailto:info@designanything.ca\">info@designanything.ca<\/a><\/p>\n<p><\/p>\n<p><\/p>\n<p>T\u00e9l\u00e9phone : <a href=\"tel:%204384703454\">(438) 470-3454<\/a><\/p>\n<p><\/p>\t\t\t\t\t\t<\/div>\n\t\t\t\t<\/div>\n\t\t\t\t\t<\/div>\n\t\t\t\t<\/div>\n\t\t\t\t\t\t\t<\/div>\n\t\t","protected":false},"excerpt":{"rendered":"<p>Derni\u00e8re mise \u00e0 jour : 10\/5\/2023 DesignAnything.ca (\u00ab\u00a0nous\u00a0\u00bb, \u00ab\u00a0notre\u00a0\u00bb ou \u00ab\u00a0nos\u00a0\u00bb) s&rsquo;engage \u00e0 prot\u00e9ger votre vie priv\u00e9e. La pr\u00e9sente politique<\/p>\n","protected":false},"author":1,"featured_media":0,"parent":0,"menu_order":0,"comment_status":"closed","ping_status":"open","template":"","meta":{"footnotes":""},"class_list":["post-18745","page","type-page","status-publish","hentry"],"acf":[],"yoast_head":"<!-- This site is optimized with the Yoast SEO Premium plugin v21.6 (Yoast SEO v21.6) - https:\/\/yoast.com\/wordpress\/plugins\/seo\/ -->\n<title>Politique de confidentialit\u00e9 &#187; Design Anything<\/title>\n<meta name=\"robots\" content=\"index, follow, max-snippet:-1, max-image-preview:large, max-video-preview:-1\" \/>\n<link rel=\"canonical\" href=\"https:\/\/designanything.ca\/fr\/politique-de-confidentialite\/\" \/>\n<meta property=\"og:locale\" content=\"fr_FR\" \/>\n<meta property=\"og:type\" content=\"article\" \/>\n<meta property=\"og:title\" content=\"Politique de confidentialit\u00e9\" \/>\n<meta property=\"og:description\" content=\"Derni\u00e8re mise \u00e0 jour : 10\/5\/2023 DesignAnything.ca (\u00ab\u00a0nous\u00a0\u00bb, \u00ab\u00a0notre\u00a0\u00bb ou \u00ab\u00a0nos\u00a0\u00bb) s&rsquo;engage \u00e0 prot\u00e9ger votre vie priv\u00e9e. La pr\u00e9sente politique\" \/>\n<meta property=\"og:url\" content=\"https:\/\/designanything.ca\/fr\/politique-de-confidentialite\/\" \/>\n<meta property=\"og:site_name\" content=\"Design Anything\" \/>\n<meta property=\"article:publisher\" content=\"https:\/\/www.facebook.com\/profile.php?id=61552511132601\" \/>\n<meta property=\"article:modified_time\" content=\"2023-11-20T02:37:47+00:00\" \/>\n<meta property=\"og:image\" content=\"https:\/\/designanything.ca\/wp-content\/uploads\/2023\/09\/Website-Logo-1.png\" \/>\n\t<meta property=\"og:image:width\" content=\"397\" \/>\n\t<meta property=\"og:image:height\" content=\"69\" \/>\n\t<meta property=\"og:image:type\" content=\"image\/png\" \/>\n<meta name=\"twitter:card\" content=\"summary_large_image\" \/>\n<meta name=\"twitter:label1\" content=\"Dur\u00e9e de lecture estim\u00e9e\" \/>\n\t<meta name=\"twitter:data1\" content=\"3 minutes\" \/>\n<script type=\"application\/ld+json\" class=\"yoast-schema-graph\">{\"@context\":\"https:\/\/schema.org\",\"@graph\":[{\"@type\":\"WebPage\",\"@id\":\"https:\/\/designanything.ca\/fr\/politique-de-confidentialite\/\",\"url\":\"https:\/\/designanything.ca\/fr\/politique-de-confidentialite\/\",\"name\":\"Politique de confidentialit\u00e9 &#187; Design Anything\",\"isPartOf\":{\"@id\":\"https:\/\/designanything.ca\/fr\/#website\"},\"datePublished\":\"2023-09-19T19:31:25+00:00\",\"dateModified\":\"2023-11-20T02:37:47+00:00\",\"breadcrumb\":{\"@id\":\"https:\/\/designanything.ca\/fr\/politique-de-confidentialite\/#breadcrumb\"},\"inLanguage\":\"fr-FR\",\"potentialAction\":[{\"@type\":\"ReadAction\",\"target\":[\"https:\/\/designanything.ca\/fr\/politique-de-confidentialite\/\"]}]},{\"@type\":\"BreadcrumbList\",\"@id\":\"https:\/\/designanything.ca\/fr\/politique-de-confidentialite\/#breadcrumb\",\"itemListElement\":[{\"@type\":\"ListItem\",\"position\":1,\"name\":\"Home\",\"item\":\"https:\/\/designanything.ca\/fr\/accueil-basique\/\"},{\"@type\":\"ListItem\",\"position\":2,\"name\":\"Politique de confidentialit\u00e9\"}]},{\"@type\":\"WebSite\",\"@id\":\"https:\/\/designanything.ca\/fr\/#website\",\"url\":\"https:\/\/designanything.ca\/fr\/\",\"name\":\"Design Anything for you Custom Clothing like T-Shirt, Hoodie, Polo\",\"description\":\"Your Vision. Our Creation.\",\"publisher\":{\"@id\":\"https:\/\/designanything.ca\/fr\/#organization\"},\"potentialAction\":[{\"@type\":\"SearchAction\",\"target\":{\"@type\":\"EntryPoint\",\"urlTemplate\":\"https:\/\/designanything.ca\/fr\/?s={search_term_string}\"},\"query-input\":\"required name=search_term_string\"}],\"inLanguage\":\"fr-FR\"},{\"@type\":[\"Organization\",\"Place\"],\"@id\":\"https:\/\/designanything.ca\/fr\/#organization\",\"name\":\"DesignAnything.ca\",\"url\":\"https:\/\/designanything.ca\/fr\/\",\"logo\":{\"@id\":\"https:\/\/designanything.ca\/fr\/politique-de-confidentialite\/#local-main-organization-logo\"},\"image\":{\"@id\":\"https:\/\/designanything.ca\/fr\/politique-de-confidentialite\/#local-main-organization-logo\"},\"sameAs\":[\"https:\/\/www.facebook.com\/profile.php?id=61552511132601\",\"https:\/\/www.instagram.com\/designanything.ca\/\"],\"address\":{\"@id\":\"https:\/\/designanything.ca\/fr\/politique-de-confidentialite\/#local-main-place-address\"},\"telephone\":[\"4384703454\"],\"openingHoursSpecification\":[{\"@type\":\"OpeningHoursSpecification\",\"dayOfWeek\":[\"Monday\",\"Tuesday\",\"Wednesday\",\"Thursday\",\"Friday\",\"Saturday\",\"Sunday\"],\"opens\":\"09:00\",\"closes\":\"17:00\"}],\"email\":\"info@designanything.ca\",\"areaServed\":\"Canada\"},{\"@type\":\"PostalAddress\",\"@id\":\"https:\/\/designanything.ca\/fr\/politique-de-confidentialite\/#local-main-place-address\",\"streetAddress\":\"3542 boul de la concorde e\",\"addressLocality\":\"Laval\",\"postalCode\":\"H7E 3A4\",\"addressRegion\":\"Quebec\",\"addressCountry\":\"CA\"},{\"@type\":\"ImageObject\",\"inLanguage\":\"fr-FR\",\"@id\":\"https:\/\/designanything.ca\/fr\/politique-de-confidentialite\/#local-main-organization-logo\",\"url\":\"https:\/\/designanything.ca\/wp-content\/uploads\/2023\/09\/Website-Logo-1.png\",\"contentUrl\":\"https:\/\/designanything.ca\/wp-content\/uploads\/2023\/09\/Website-Logo-1.png\",\"width\":397,\"height\":69,\"caption\":\"DesignAnything.ca\"}]}<\/script>\n<meta name=\"geo.placename\" content=\"Laval\" \/>\n<meta name=\"geo.region\" content=\"Canada\" \/>\n<!-- \/ Yoast SEO Premium plugin. -->","yoast_head_json":{"title":"Politique de confidentialit\u00e9 &#187; Design Anything","robots":{"index":"index","follow":"follow","max-snippet":"max-snippet:-1","max-image-preview":"max-image-preview:large","max-video-preview":"max-video-preview:-1"},"canonical":"https:\/\/designanything.ca\/fr\/politique-de-confidentialite\/","og_locale":"fr_FR","og_type":"article","og_title":"Politique de confidentialit\u00e9","og_description":"Derni\u00e8re mise \u00e0 jour : 10\/5\/2023 DesignAnything.ca (\u00ab\u00a0nous\u00a0\u00bb, \u00ab\u00a0notre\u00a0\u00bb ou \u00ab\u00a0nos\u00a0\u00bb) s&rsquo;engage \u00e0 prot\u00e9ger votre vie priv\u00e9e. La pr\u00e9sente politique","og_url":"https:\/\/designanything.ca\/fr\/politique-de-confidentialite\/","og_site_name":"Design Anything","article_publisher":"https:\/\/www.facebook.com\/profile.php?id=61552511132601","article_modified_time":"2023-11-20T02:37:47+00:00","og_image":[{"width":397,"height":69,"url":"https:\/\/designanything.ca\/wp-content\/uploads\/2023\/09\/Website-Logo-1.png","type":"image\/png"}],"twitter_card":"summary_large_image","twitter_misc":{"Dur\u00e9e de lecture estim\u00e9e":"3 minutes"},"schema":{"@context":"https:\/\/schema.org","@graph":[{"@type":"WebPage","@id":"https:\/\/designanything.ca\/fr\/politique-de-confidentialite\/","url":"https:\/\/designanything.ca\/fr\/politique-de-confidentialite\/","name":"Politique de confidentialit\u00e9 &#187; Design Anything","isPartOf":{"@id":"https:\/\/designanything.ca\/fr\/#website"},"datePublished":"2023-09-19T19:31:25+00:00","dateModified":"2023-11-20T02:37:47+00:00","breadcrumb":{"@id":"https:\/\/designanything.ca\/fr\/politique-de-confidentialite\/#breadcrumb"},"inLanguage":"fr-FR","potentialAction":[{"@type":"ReadAction","target":["https:\/\/designanything.ca\/fr\/politique-de-confidentialite\/"]}]},{"@type":"BreadcrumbList","@id":"https:\/\/designanything.ca\/fr\/politique-de-confidentialite\/#breadcrumb","itemListElement":[{"@type":"ListItem","position":1,"name":"Home","item":"https:\/\/designanything.ca\/fr\/accueil-basique\/"},{"@type":"ListItem","position":2,"name":"Politique de confidentialit\u00e9"}]},{"@type":"WebSite","@id":"https:\/\/designanything.ca\/fr\/#website","url":"https:\/\/designanything.ca\/fr\/","name":"Design Anything for you Custom Clothing like T-Shirt, Hoodie, Polo","description":"Your Vision. Our Creation.","publisher":{"@id":"https:\/\/designanything.ca\/fr\/#organization"},"potentialAction":[{"@type":"SearchAction","target":{"@type":"EntryPoint","urlTemplate":"https:\/\/designanything.ca\/fr\/?s={search_term_string}"},"query-input":"required name=search_term_string"}],"inLanguage":"fr-FR"},{"@type":["Organization","Place"],"@id":"https:\/\/designanything.ca\/fr\/#organization","name":"DesignAnything.ca","url":"https:\/\/designanything.ca\/fr\/","logo":{"@id":"https:\/\/designanything.ca\/fr\/politique-de-confidentialite\/#local-main-organization-logo"},"image":{"@id":"https:\/\/designanything.ca\/fr\/politique-de-confidentialite\/#local-main-organization-logo"},"sameAs":["https:\/\/www.facebook.com\/profile.php?id=61552511132601","https:\/\/www.instagram.com\/designanything.ca\/"],"address":{"@id":"https:\/\/designanything.ca\/fr\/politique-de-confidentialite\/#local-main-place-address"},"telephone":["4384703454","4384703454"],"openingHoursSpecification":[{"@type":"OpeningHoursSpecification","dayOfWeek":["Monday","Tuesday","Wednesday","Thursday","Friday","Saturday","Sunday"],"opens":"09:00","closes":"17:00"}],"email":"info@designanything.ca","areaServed":"Canada"},{"@type":"PostalAddress","@id":"https:\/\/designanything.ca\/fr\/politique-de-confidentialite\/#local-main-place-address","streetAddress":"3542 boul de la concorde e","addressLocality":"Laval","postalCode":"H7E 3A4","addressRegion":"Quebec","addressCountry":"CA"},{"@type":"ImageObject","inLanguage":"fr-FR","@id":"https:\/\/designanything.ca\/fr\/politique-de-confidentialite\/#local-main-organization-logo","url":"https:\/\/designanything.ca\/wp-content\/uploads\/2023\/09\/Website-Logo-1.png","contentUrl":"https:\/\/designanything.ca\/wp-content\/uploads\/2023\/09\/Website-Logo-1.png","width":397,"height":69,"caption":"DesignAnything.ca"}]},"geo.placename":"Laval","geo.region":"Canada"},"_links":{"self":[{"href":"https:\/\/designanything.ca\/fr\/wp-json\/wp\/v2\/pages\/18745","targetHints":{"allow":["GET"]}}],"collection":[{"href":"https:\/\/designanything.ca\/fr\/wp-json\/wp\/v2\/pages"}],"about":[{"href":"https:\/\/designanything.ca\/fr\/wp-json\/wp\/v2\/types\/page"}],"author":[{"embeddable":true,"href":"https:\/\/designanything.ca\/fr\/wp-json\/wp\/v2\/users\/1"}],"replies":[{"embeddable":true,"href":"https:\/\/designanything.ca\/fr\/wp-json\/wp\/v2\/comments?post=18745"}],"version-history":[{"count":3,"href":"https:\/\/designanything.ca\/fr\/wp-json\/wp\/v2\/pages\/18745\/revisions"}],"predecessor-version":[{"id":18748,"href":"https:\/\/designanything.ca\/fr\/wp-json\/wp\/v2\/pages\/18745\/revisions\/18748"}],"wp:attachment":[{"href":"https:\/\/designanything.ca\/fr\/wp-json\/wp\/v2\/media?parent=18745"}],"curies":[{"name":"wp","href":"https:\/\/api.w.org\/{rel}","templated":true}]}}