{"id":18754,"date":"2021-10-12T16:27:24","date_gmt":"2021-10-12T16:27:24","guid":{"rendered":"https:\/\/designanything.ca\/contactez-nous\/"},"modified":"2023-11-20T03:06:49","modified_gmt":"2023-11-20T03:06:49","slug":"contactez-nous","status":"publish","type":"page","link":"https:\/\/designanything.ca\/fr\/contactez-nous\/","title":{"rendered":"Contactez nous"},"content":{"rendered":"\t\t<div data-elementor-type=\"wp-page\" data-elementor-id=\"18754\" class=\"elementor elementor-18754 elementor-4439\">\n\t\t\t\t\t\t\t\t\t<section class=\"wd-negative-gap elementor-section elementor-top-section elementor-element elementor-element-3eae2951 wd-section-stretch-content elementor-section-boxed elementor-section-height-default elementor-section-height-default\" data-id=\"3eae2951\" data-element_type=\"section\">\n\t\t\t\t\t\t<div class=\"elementor-container elementor-column-gap-no\">\n\t\t\t\t\t<div class=\"elementor-column elementor-col-100 elementor-top-column elementor-element elementor-element-23fe8bcd\" data-id=\"23fe8bcd\" data-element_type=\"column\">\n\t\t\t<div class=\"elementor-widget-wrap elementor-element-populated\">\n\t\t\t\t\t\t\t\t<div class=\"elementor-element elementor-element-2c8f268 elementor-widget elementor-widget-wd_google_map\" data-id=\"2c8f268\" data-element_type=\"widget\" data-widget_type=\"wd_google_map.default\">\n\t\t\t\t<div class=\"elementor-widget-container\">\n\t\t\t\t\t<div class=\"google-map-container wd-map-container\" data-map-args='{\"multiple_markers\":\"no\",\"latitude\":\"45.5942168\",\"longitude\":\"-73.6637226\",\"zoom\":15,\"mouse_zoom\":\"no\",\"init_type\":\"page_load\",\"init_offset\":\"\",\"json_style\":\"\",\"marker_icon\":\"https:\\\/\\\/designanything.ca\\\/wp-content\\\/themes\\\/woodmart\\\/inc\\\/admin\\\/assets\\\/images\\\/google-icon.png\",\"marker_icon_size\":\"\",\"elementor\":true,\"marker_text_needed\":\"no\",\"marker_text\":\"<h3 style=\\\"min-width:300px; text-align:center; margin:15px;\\\"><\\\/h3>\",\"selector\":\"wd-map-id-69fb312533eb1\",\"markers\":null,\"center\":\"\"}'>\n\n\t\t\t\n\t\t\t\n\t\t\t<div class=\"wd-google-map-wrapper wd-map-wrapper wd-fill\">\n\t\t\t\t<div id=\"wd-map-id-69fb312533eb1\" class=\"wd-google-map without-content wd-fill\"><\/div>\n\t\t\t<\/div>\n\n\t\t\t\t\t<\/div>\n\t\t\t\t<\/div>\n\t\t\t\t<\/div>\n\t\t\t\t\t<\/div>\n\t\t<\/div>\n\t\t\t\t\t\t\t<\/div>\n\t\t<\/section>\n\t\t\t\t<section class=\"wd-negative-gap elementor-section elementor-top-section elementor-element elementor-element-1c9344a2 elementor-section-boxed elementor-section-height-default elementor-section-height-default wd-section-disabled\" data-id=\"1c9344a2\" data-element_type=\"section\">\n\t\t\t\t\t\t<div class=\"elementor-container elementor-column-gap-default\">\n\t\t\t\t\t<div class=\"elementor-column elementor-col-100 elementor-top-column elementor-element elementor-element-41bec3dc\" data-id=\"41bec3dc\" data-element_type=\"column\">\n\t\t\t<div class=\"elementor-widget-wrap elementor-element-populated\">\n\t\t\t\t\t\t\t\t<div class=\"elementor-element elementor-element-88ca337 elementor-widget elementor-widget-wd_title\" data-id=\"88ca337\" data-element_type=\"widget\" data-widget_type=\"wd_title.default\">\n\t\t\t\t<div class=\"elementor-widget-container\">\n\t\t\t\t\t<div class=\"title-wrapper set-mb-s reset-last-child wd-title-color-default wd-title-style-default wd-title-size-default text-left\">\n\n\t\t\t\t\t\t\t<div class=\"title-subtitle subtitle-color-default subtitle-style-default wd-fontsize-xs\">\n\t\t\t\t\tINFORMATIONS SUR NOUS\t\t\t\t<\/div>\n\t\t\t\n\t\t\t<div class=\"liner-continer\">\n\t\t\t\t<h4 class=\"woodmart-title-container title wd-fontsize-l\">CONTACTEZ-NOUS POUR TOUTE QUESTION<\/h4> \n\t\t\t\t\t\t\t<\/div>\n\n\t\t\t\t\t<\/div>\n\t\t\t\t<\/div>\n\t\t\t\t<\/div>\n\t\t\t\t<div class=\"elementor-element elementor-element-407e34c elementor-widget elementor-widget-wd_text_block\" data-id=\"407e34c\" data-element_type=\"widget\" data-widget_type=\"wd_text_block.default\">\n\t\t\t\t<div class=\"elementor-widget-container\">\n\t\t\t\t\t<div class=\"wd-text-block reset-last-child text-left\">\n\t\t\t\n\t\t\t<h2 class=\"page-subheader contact-title\" style=\"box-sizing: inherit; font-family: Poppins; font-style: normal; font-weight: var(--font-weight-semibold); letter-spacing: var(--body-letter-spacing); line-height: calc(var(--font-page-title-size) + 2px); color: #232323; font-size: calc(var(--font-page-title-size) - 6px); position: relative; padding-bottom: 20px; margin-bottom: 0px; font-variant-ligatures: normal; font-variant-caps: normal; text-transform: none; white-space-collapse: collapse;\">Prenez contact !<\/h2><div class=\"contact-text\" style=\"box-sizing: inherit; font-size: var(--font-body-size); font-weight: 400; line-height: var(--line-height); opacity: 1; transform: translateY(0px); transition: transform 0.8s cubic-bezier(0.13, 0.55, 0.25, 1) 0.45s, opacity 0.7s cubic-bezier(0.26, 0.54, 0.32, 1) 0s; color: #232323; font-family: Poppins; font-style: normal; font-variant-ligatures: normal; font-variant-caps: normal; white-space-collapse: collapse;\">Nous aimerions avoir de vos nouvelles - veuillez utiliser le formulaire pour nous envoyer votre message ou vos id\u00e9es.<\/div>\n\t\t\t\t\t<\/div>\n\t\t\t\t<\/div>\n\t\t\t\t<\/div>\n\t\t\t\t<div class=\"elementor-element elementor-element-5ce0072f elementor-widget elementor-widget-wd_contact_form_7\" data-id=\"5ce0072f\" data-element_type=\"widget\" data-widget_type=\"wd_contact_form_7.default\">\n\t\t\t\t<div class=\"elementor-widget-container\">\n\t\t\t\n<div class=\"wpcf7 no-js\" id=\"wpcf7-f1572-o1\" lang=\"en-US\" dir=\"ltr\">\n<div class=\"screen-reader-response\"><p role=\"status\" aria-live=\"polite\" aria-atomic=\"true\"><\/p> <ul><\/ul><\/div>\n<form action=\"\/fr\/wp-json\/wp\/v2\/pages\/18754#wpcf7-f1572-o1\" method=\"post\" class=\"wpcf7-form init\" aria-label=\"Contact form\" novalidate=\"novalidate\" data-status=\"init\">\n<div style=\"display: none;\">\n<input type=\"hidden\" name=\"_wpcf7\" value=\"1572\" \/>\n<input type=\"hidden\" name=\"_wpcf7_version\" value=\"5.8.4\" \/>\n<input type=\"hidden\" name=\"_wpcf7_locale\" value=\"en_US\" \/>\n<input type=\"hidden\" name=\"_wpcf7_unit_tag\" value=\"wpcf7-f1572-o1\" \/>\n<input type=\"hidden\" name=\"_wpcf7_container_post\" value=\"0\" \/>\n<input type=\"hidden\" name=\"_wpcf7_posted_data_hash\" value=\"\" \/>\n<\/div>\n<div class=\"row\">\n\t<p class=\"col-md-6\"><label>Your Name<\/label><span class=\"wpcf7-form-control-wrap\" data-name=\"your-name\"><input size=\"40\" class=\"wpcf7-form-control wpcf7-text wpcf7-validates-as-required\" aria-required=\"true\" aria-invalid=\"false\" value=\"\" type=\"text\" name=\"your-name\" \/><\/span>\n\t<\/p>\n\t<p class=\"col-md-6\"><label>Your Email<\/label><span class=\"wpcf7-form-control-wrap\" data-name=\"your-email\"><input size=\"40\" class=\"wpcf7-form-control wpcf7-email wpcf7-validates-as-required wpcf7-text wpcf7-validates-as-email\" aria-required=\"true\" aria-invalid=\"false\" value=\"\" type=\"email\" name=\"your-email\" \/><\/span>\n\t<\/p>\n<\/div>\n<div class=\"row\">\n\t<p class=\"col-md-6\"><label>Phone Number<\/label><span class=\"wpcf7-form-control-wrap\" data-name=\"tel-767\"><input size=\"40\" class=\"wpcf7-form-control wpcf7-tel wpcf7-text wpcf7-validates-as-tel\" aria-invalid=\"false\" value=\"\" type=\"tel\" name=\"tel-767\" \/><\/span>\n\t<\/p>\n\t<p class=\"col-md-6\"><label>Company<\/label><span class=\"wpcf7-form-control-wrap\" data-name=\"text-1\"><input size=\"40\" class=\"wpcf7-form-control wpcf7-text\" aria-invalid=\"false\" value=\"\" type=\"text\" name=\"text-1\" \/><\/span>\n\t<\/p>\n<\/div>\n<p><label>Your Message<\/label><span class=\"wpcf7-form-control-wrap\" data-name=\"your-message\"><textarea cols=\"40\" rows=\"10\" class=\"wpcf7-form-control wpcf7-textarea\" aria-invalid=\"false\" name=\"your-message\"><\/textarea><\/span>\n<\/p>\n<p><input class=\"wpcf7-form-control wpcf7-submit has-spinner btn-color-black\" type=\"submit\" value=\"ASK A QUESTION\" \/>\n<\/p><div class=\"wpcf7-response-output\" aria-hidden=\"true\"><\/div>\n<\/form>\n<\/div>\n\t\t<\/div>\n\t\t\t\t<\/div>\n\t\t\t\t\t<\/div>\n\t\t<\/div>\n\t\t\t\t\t\t\t<\/div>\n\t\t<\/section>\n\t\t\t\t\t\t\t<\/div>\n\t\t","protected":false},"excerpt":{"rendered":"<p>\u00ab\u00a0,\u00a0\u00bbselector\u00a0\u00bb:\u00a0\u00bbwd-map-id-655acd4909f8c\u00a0\u00bb,\u00a0\u00bbmarkers\u00a0\u00bb:null,\u00a0\u00bbcenter\u00a0\u00bb:\u00a0\u00bb\u00a0\u00bb}&rsquo;> INFORMATIONS SUR NOUS CONTACTEZ-NOUS POUR TOUTE QUESTION Prenez contact ! Nous aimerions avoir de vos nouvelles &#8211; veuillez utiliser<\/p>\n","protected":false},"author":1,"featured_media":0,"parent":0,"menu_order":0,"comment_status":"closed","ping_status":"closed","template":"","meta":{"footnotes":""},"class_list":["post-18754","page","type-page","status-publish","hentry"],"acf":[],"yoast_head":"<!-- This site is optimized with the Yoast SEO Premium plugin v21.6 (Yoast SEO v21.6) - https:\/\/yoast.com\/wordpress\/plugins\/seo\/ -->\n<title>Contactez Design Anything d\u00e8s maintenant ! &#187; %.<\/title>\n<meta name=\"description\" content=\"Contact Design Anything - Prenez contact avec nous et nous ferons en sorte que les choses se passent bien. Prenez contact avec nous via le formulaire qui nous a \u00e9t\u00e9 envoy\u00e9. Message d&#039;id\u00e9es maintenant !\" \/>\n<meta name=\"robots\" content=\"index, follow, max-snippet:-1, max-image-preview:large, max-video-preview:-1\" \/>\n<link rel=\"canonical\" href=\"https:\/\/designanything.ca\/fr\/contactez-nous\/\" \/>\n<meta property=\"og:locale\" content=\"fr_FR\" \/>\n<meta property=\"og:type\" content=\"article\" \/>\n<meta property=\"og:title\" content=\"Contactez nous\" \/>\n<meta property=\"og:description\" content=\"Contact Design Anything - Prenez contact avec nous et nous ferons en sorte que les choses se passent bien. Prenez contact avec nous via le formulaire qui nous a \u00e9t\u00e9 envoy\u00e9. Message d&#039;id\u00e9es maintenant !\" \/>\n<meta property=\"og:url\" content=\"https:\/\/designanything.ca\/fr\/contactez-nous\/\" \/>\n<meta property=\"og:site_name\" content=\"Design Anything\" \/>\n<meta property=\"article:publisher\" content=\"https:\/\/www.facebook.com\/profile.php?id=61552511132601\" \/>\n<meta property=\"article:modified_time\" content=\"2023-11-20T03:06:49+00:00\" \/>\n<meta property=\"og:image\" content=\"https:\/\/designanything.ca\/wp-content\/uploads\/2023\/09\/Website-Logo-1.png\" \/>\n\t<meta property=\"og:image:width\" content=\"397\" \/>\n\t<meta property=\"og:image:height\" content=\"69\" \/>\n\t<meta property=\"og:image:type\" content=\"image\/png\" \/>\n<meta name=\"twitter:card\" content=\"summary_large_image\" \/>\n<meta name=\"twitter:label1\" content=\"Dur\u00e9e de lecture estim\u00e9e\" \/>\n\t<meta name=\"twitter:data1\" content=\"1 minute\" \/>\n<script type=\"application\/ld+json\" class=\"yoast-schema-graph\">{\"@context\":\"https:\/\/schema.org\",\"@graph\":[{\"@type\":\"WebPage\",\"@id\":\"https:\/\/designanything.ca\/fr\/contactez-nous\/\",\"url\":\"https:\/\/designanything.ca\/fr\/contactez-nous\/\",\"name\":\"Contactez Design Anything d\u00e8s maintenant ! &#187; %.\",\"isPartOf\":{\"@id\":\"https:\/\/designanything.ca\/fr\/#website\"},\"datePublished\":\"2021-10-12T16:27:24+00:00\",\"dateModified\":\"2023-11-20T03:06:49+00:00\",\"description\":\"Contact Design Anything - Prenez contact avec nous et nous ferons en sorte que les choses se passent bien. Prenez contact avec nous via le formulaire qui nous a \u00e9t\u00e9 envoy\u00e9. Message d'id\u00e9es maintenant !\",\"breadcrumb\":{\"@id\":\"https:\/\/designanything.ca\/fr\/contactez-nous\/#breadcrumb\"},\"inLanguage\":\"fr-FR\",\"potentialAction\":[{\"@type\":\"ReadAction\",\"target\":[\"https:\/\/designanything.ca\/fr\/contactez-nous\/\"]}]},{\"@type\":\"BreadcrumbList\",\"@id\":\"https:\/\/designanything.ca\/fr\/contactez-nous\/#breadcrumb\",\"itemListElement\":[{\"@type\":\"ListItem\",\"position\":1,\"name\":\"Home\",\"item\":\"https:\/\/designanything.ca\/fr\/accueil-basique\/\"},{\"@type\":\"ListItem\",\"position\":2,\"name\":\"Contactez nous\"}]},{\"@type\":\"WebSite\",\"@id\":\"https:\/\/designanything.ca\/fr\/#website\",\"url\":\"https:\/\/designanything.ca\/fr\/\",\"name\":\"Design Anything for you Custom Clothing like T-Shirt, Hoodie, Polo\",\"description\":\"Your Vision. Our Creation.\",\"publisher\":{\"@id\":\"https:\/\/designanything.ca\/fr\/#organization\"},\"potentialAction\":[{\"@type\":\"SearchAction\",\"target\":{\"@type\":\"EntryPoint\",\"urlTemplate\":\"https:\/\/designanything.ca\/fr\/?s={search_term_string}\"},\"query-input\":\"required name=search_term_string\"}],\"inLanguage\":\"fr-FR\"},{\"@type\":[\"Organization\",\"Place\"],\"@id\":\"https:\/\/designanything.ca\/fr\/#organization\",\"name\":\"DesignAnything.ca\",\"url\":\"https:\/\/designanything.ca\/fr\/\",\"logo\":{\"@id\":\"https:\/\/designanything.ca\/fr\/contactez-nous\/#local-main-organization-logo\"},\"image\":{\"@id\":\"https:\/\/designanything.ca\/fr\/contactez-nous\/#local-main-organization-logo\"},\"sameAs\":[\"https:\/\/www.facebook.com\/profile.php?id=61552511132601\",\"https:\/\/www.instagram.com\/designanything.ca\/\"],\"address\":{\"@id\":\"https:\/\/designanything.ca\/fr\/contactez-nous\/#local-main-place-address\"},\"telephone\":[\"4384703454\"],\"openingHoursSpecification\":[{\"@type\":\"OpeningHoursSpecification\",\"dayOfWeek\":[\"Monday\",\"Tuesday\",\"Wednesday\",\"Thursday\",\"Friday\",\"Saturday\",\"Sunday\"],\"opens\":\"09:00\",\"closes\":\"17:00\"}],\"email\":\"info@designanything.ca\",\"areaServed\":\"Canada\"},{\"@type\":\"PostalAddress\",\"@id\":\"https:\/\/designanything.ca\/fr\/contactez-nous\/#local-main-place-address\",\"streetAddress\":\"3542 boul de la concorde e\",\"addressLocality\":\"Laval\",\"postalCode\":\"H7E 3A4\",\"addressRegion\":\"Quebec\",\"addressCountry\":\"CA\"},{\"@type\":\"ImageObject\",\"inLanguage\":\"fr-FR\",\"@id\":\"https:\/\/designanything.ca\/fr\/contactez-nous\/#local-main-organization-logo\",\"url\":\"https:\/\/designanything.ca\/wp-content\/uploads\/2023\/09\/Website-Logo-1.png\",\"contentUrl\":\"https:\/\/designanything.ca\/wp-content\/uploads\/2023\/09\/Website-Logo-1.png\",\"width\":397,\"height\":69,\"caption\":\"DesignAnything.ca\"}]}<\/script>\n<meta name=\"geo.placename\" content=\"Laval\" \/>\n<meta name=\"geo.region\" content=\"Canada\" \/>\n<!-- \/ Yoast SEO Premium plugin. -->","yoast_head_json":{"title":"Contactez Design Anything d\u00e8s maintenant ! &#187; %.","description":"Contact Design Anything - Prenez contact avec nous et nous ferons en sorte que les choses se passent bien. Prenez contact avec nous via le formulaire qui nous a \u00e9t\u00e9 envoy\u00e9. Message d'id\u00e9es maintenant !","robots":{"index":"index","follow":"follow","max-snippet":"max-snippet:-1","max-image-preview":"max-image-preview:large","max-video-preview":"max-video-preview:-1"},"canonical":"https:\/\/designanything.ca\/fr\/contactez-nous\/","og_locale":"fr_FR","og_type":"article","og_title":"Contactez nous","og_description":"Contact Design Anything - Prenez contact avec nous et nous ferons en sorte que les choses se passent bien. Prenez contact avec nous via le formulaire qui nous a \u00e9t\u00e9 envoy\u00e9. Message d'id\u00e9es maintenant !","og_url":"https:\/\/designanything.ca\/fr\/contactez-nous\/","og_site_name":"Design Anything","article_publisher":"https:\/\/www.facebook.com\/profile.php?id=61552511132601","article_modified_time":"2023-11-20T03:06:49+00:00","og_image":[{"width":397,"height":69,"url":"https:\/\/designanything.ca\/wp-content\/uploads\/2023\/09\/Website-Logo-1.png","type":"image\/png"}],"twitter_card":"summary_large_image","twitter_misc":{"Dur\u00e9e de lecture estim\u00e9e":"1 minute"},"schema":{"@context":"https:\/\/schema.org","@graph":[{"@type":"WebPage","@id":"https:\/\/designanything.ca\/fr\/contactez-nous\/","url":"https:\/\/designanything.ca\/fr\/contactez-nous\/","name":"Contactez Design Anything d\u00e8s maintenant ! &#187; %.","isPartOf":{"@id":"https:\/\/designanything.ca\/fr\/#website"},"datePublished":"2021-10-12T16:27:24+00:00","dateModified":"2023-11-20T03:06:49+00:00","description":"Contact Design Anything - Prenez contact avec nous et nous ferons en sorte que les choses se passent bien. Prenez contact avec nous via le formulaire qui nous a \u00e9t\u00e9 envoy\u00e9. Message d'id\u00e9es maintenant !","breadcrumb":{"@id":"https:\/\/designanything.ca\/fr\/contactez-nous\/#breadcrumb"},"inLanguage":"fr-FR","potentialAction":[{"@type":"ReadAction","target":["https:\/\/designanything.ca\/fr\/contactez-nous\/"]}]},{"@type":"BreadcrumbList","@id":"https:\/\/designanything.ca\/fr\/contactez-nous\/#breadcrumb","itemListElement":[{"@type":"ListItem","position":1,"name":"Home","item":"https:\/\/designanything.ca\/fr\/accueil-basique\/"},{"@type":"ListItem","position":2,"name":"Contactez nous"}]},{"@type":"WebSite","@id":"https:\/\/designanything.ca\/fr\/#website","url":"https:\/\/designanything.ca\/fr\/","name":"Design Anything for you Custom Clothing like T-Shirt, Hoodie, Polo","description":"Your Vision. Our Creation.","publisher":{"@id":"https:\/\/designanything.ca\/fr\/#organization"},"potentialAction":[{"@type":"SearchAction","target":{"@type":"EntryPoint","urlTemplate":"https:\/\/designanything.ca\/fr\/?s={search_term_string}"},"query-input":"required name=search_term_string"}],"inLanguage":"fr-FR"},{"@type":["Organization","Place"],"@id":"https:\/\/designanything.ca\/fr\/#organization","name":"DesignAnything.ca","url":"https:\/\/designanything.ca\/fr\/","logo":{"@id":"https:\/\/designanything.ca\/fr\/contactez-nous\/#local-main-organization-logo"},"image":{"@id":"https:\/\/designanything.ca\/fr\/contactez-nous\/#local-main-organization-logo"},"sameAs":["https:\/\/www.facebook.com\/profile.php?id=61552511132601","https:\/\/www.instagram.com\/designanything.ca\/"],"address":{"@id":"https:\/\/designanything.ca\/fr\/contactez-nous\/#local-main-place-address"},"telephone":["4384703454","4384703454"],"openingHoursSpecification":[{"@type":"OpeningHoursSpecification","dayOfWeek":["Monday","Tuesday","Wednesday","Thursday","Friday","Saturday","Sunday"],"opens":"09:00","closes":"17:00"}],"email":"info@designanything.ca","areaServed":"Canada"},{"@type":"PostalAddress","@id":"https:\/\/designanything.ca\/fr\/contactez-nous\/#local-main-place-address","streetAddress":"3542 boul de la concorde e","addressLocality":"Laval","postalCode":"H7E 3A4","addressRegion":"Quebec","addressCountry":"CA"},{"@type":"ImageObject","inLanguage":"fr-FR","@id":"https:\/\/designanything.ca\/fr\/contactez-nous\/#local-main-organization-logo","url":"https:\/\/designanything.ca\/wp-content\/uploads\/2023\/09\/Website-Logo-1.png","contentUrl":"https:\/\/designanything.ca\/wp-content\/uploads\/2023\/09\/Website-Logo-1.png","width":397,"height":69,"caption":"DesignAnything.ca"}]},"geo.placename":"Laval","geo.region":"Canada"},"_links":{"self":[{"href":"https:\/\/designanything.ca\/fr\/wp-json\/wp\/v2\/pages\/18754","targetHints":{"allow":["GET"]}}],"collection":[{"href":"https:\/\/designanything.ca\/fr\/wp-json\/wp\/v2\/pages"}],"about":[{"href":"https:\/\/designanything.ca\/fr\/wp-json\/wp\/v2\/types\/page"}],"author":[{"embeddable":true,"href":"https:\/\/designanything.ca\/fr\/wp-json\/wp\/v2\/users\/1"}],"replies":[{"embeddable":true,"href":"https:\/\/designanything.ca\/fr\/wp-json\/wp\/v2\/comments?post=18754"}],"version-history":[{"count":5,"href":"https:\/\/designanything.ca\/fr\/wp-json\/wp\/v2\/pages\/18754\/revisions"}],"predecessor-version":[{"id":18914,"href":"https:\/\/designanything.ca\/fr\/wp-json\/wp\/v2\/pages\/18754\/revisions\/18914"}],"wp:attachment":[{"href":"https:\/\/designanything.ca\/fr\/wp-json\/wp\/v2\/media?parent=18754"}],"curies":[{"name":"wp","href":"https:\/\/api.w.org\/{rel}","templated":true}]}}